{"id":339,"date":"2017-07-06T06:29:45","date_gmt":"2017-07-06T06:29:45","guid":{"rendered":"http:\/\/sites.anwar.at\/babeluk\/?page_id=339"},"modified":"2022-11-24T12:51:27","modified_gmt":"2022-11-24T12:51:27","slug":"links","status":"publish","type":"page","link":"https:\/\/www.babeluk.at\/wp_de\/links\/","title":{"rendered":"Links"},"content":{"rendered":"<div id=\"content\">\n<h2>Ausgew\u00e4hlte Links f\u00fcr Erfinder und Erfinderinnen<\/h2>\n<p>&nbsp;<\/p>\n<p>Die folgenden Links sind f\u00fcr weiterf\u00fchrerende Informationen gelistet.<br \/>\nDie Inhalte dieser Webseiten liegen au\u00dferhalb unseres Zust\u00e4ndigkeit und Verantwortung.<\/p>\n<p>&nbsp;<\/p>\n<h3>Patent- und Marken\u00e4mter, Organisationen<\/h3>\n<p>&nbsp;<\/p>\n<p>\u00d6sterreichisches Patent- und Markenamt (\u00d6PA)<br \/>\n<a title=\"Patent\" href=\"http:\/\/www.patentamt.at\" target=\"new\" rel=\"noopener\">www.patentamt.at<\/a><\/p>\n<p>Europ\u00e4isches Patentamt (EPA)<br \/>\n<a title=\"EPO\" href=\"http:\/\/www.epo.org\" target=\"new\" rel=\"noopener\">www.epo.org<\/a><\/p>\n<p>Weltorganisation f\u00fcr Geistiges Eigentum (WIPO)<br \/>\n<a title=\"WIPO\" href=\"http:\/\/www.wipo.int\/\" target=\"new\" rel=\"noopener\">www.wipo.int<\/a><\/p>\n<p>\u00d6sterreichische Patentanwaltskammer (\u00d6PAK)<br \/>\n<a title=\"Patentanwalt\" href=\"http:\/\/www.patentanwalt.at\/\" target=\"new\" rel=\"noopener\">www.patentanwalt.at<\/a>Institut der zugelassenen Vertreter beim EPA (EPI)<br \/>\n<a title=\"Patentepi\" href=\"http:\/\/www.patentepi.com\" target=\"new\" rel=\"noopener\">www.patentepi.com<\/a><\/p>\n<p>\u00d6sterreichische Patentanwaltskammer (\u00d6PAK)<br \/>\n<a title=\"Patentanwalt\" href=\"http:\/\/www.patentanwalt.at\/\" target=\"new\" rel=\"noopener\">www.patentanwalt.at<\/a><\/p>\n<p>&nbsp;<\/p>\n<h3>Wirtschaftsf\u00f6rderung und Information zur Verwertung von Schutzrechten:<\/h3>\n<p>&nbsp;<\/p>\n<p>Austria Wirtschaftsservice<br \/>\n<a title=\"AWSG\" href=\"http:\/\/www.awsg.at\" target=\"new\" rel=\"noopener\">www.awsg.at<\/a><\/p>\n<p>Wiener Wirtschaftsf\u00f6rderungsfond<br \/>\n<a title=\"WWFF\" href=\"http:\/\/www.wirtschaftsagentur.at\" target=\"new\" rel=\"noopener\">www.wirtschaftsagentur.at<cite><\/cite><\/a><\/p>\n<p>Wirtschaftskammer<br \/>\n<a title=\"WKO\" href=\"http:\/\/www.wko.at\" target=\"new\" rel=\"noopener\">www.wko.at<\/a><\/p>\n<p>ZIT Zentrum f\u00fcr Innovation und Technologie der Stadt Wien<br \/>\n<a title=\"ZIT\" href=\"http:\/\/www.zit.co.at\" target=\"new\" rel=\"noopener\">www.zit.co.at<\/a><\/p>\n<p>\u00d6sterreichische Forschungsf\u00f6rderungsgesellschaft<br \/>\n<a title=\"FFG\" href=\"http:\/\/www.ffg.at\" target=\"new\" rel=\"noopener\">www.ffg.at <\/a><\/p>\n<\/div>\n","protected":false},"excerpt":{"rendered":"<p>Ausgew\u00e4hlte Links f\u00fcr Erfinder und Erfinderinnen &nbsp; Die folgenden Links sind f\u00fcr weiterf\u00fchrerende Informationen gelistet. Die Inhalte dieser Webseiten liegen au\u00dferhalb unseres Zust\u00e4ndigkeit und Verantwortung. &nbsp; Patent- und Marken\u00e4mter, Organisationen &nbsp; \u00d6sterreichisches Patent- und Markenamt (\u00d6PA) www.patentamt.at Europ\u00e4isches Patentamt (EPA)&#8230;<\/p>\n","protected":false},"author":2,"featured_media":0,"parent":0,"menu_order":0,"comment_status":"closed","ping_status":"closed","template":"","meta":{"footnotes":""},"yoast_head":"<!-- This site is optimized with the Yoast SEO plugin v19.10 - https:\/\/yoast.com\/wordpress\/plugins\/seo\/ -->\n<title>Ausgew\u00e4hlte Links f\u00fcr Erfinder - Patentanwaltskanzlei DI Mag. Michael Babeluk<\/title>\n<meta name=\"description\" content=\"Links f\u00fcr Erfinder und Erfinderinnen Die folgenden Links sind f\u00fcr weiterf\u00fchrerende Informationen gelistet, liegen aber au\u00dferhalb unserer Verantwortung.\" \/>\n<meta name=\"robots\" content=\"index, follow, max-snippet:-1, max-image-preview:large, max-video-preview:-1\" \/>\n<link rel=\"canonical\" href=\"https:\/\/www.babeluk.at\/wp_de\/links\/\" \/>\n<meta property=\"og:locale\" content=\"de_DE\" \/>\n<meta property=\"og:type\" content=\"article\" \/>\n<meta property=\"og:title\" content=\"Ausgew\u00e4hlte Links f\u00fcr Erfinder - Patentanwaltskanzlei DI Mag. Michael Babeluk\" \/>\n<meta property=\"og:description\" content=\"Links f\u00fcr Erfinder und Erfinderinnen Die folgenden Links sind f\u00fcr weiterf\u00fchrerende Informationen gelistet, liegen aber au\u00dferhalb unserer Verantwortung.\" \/>\n<meta property=\"og:url\" content=\"https:\/\/www.babeluk.at\/wp_de\/links\/\" \/>\n<meta property=\"og:site_name\" content=\"Babeluk Patentanw\u00e4lte\" \/>\n<meta property=\"article:modified_time\" content=\"2022-11-24T12:51:27+00:00\" \/>\n<meta name=\"twitter:card\" content=\"summary_large_image\" \/>\n<meta name=\"twitter:label1\" content=\"Gesch\u00e4tzte Lesezeit\" \/>\n\t<meta name=\"twitter:data1\" content=\"1\u00a0Minute\" \/>\n<script type=\"application\/ld+json\" class=\"yoast-schema-graph\">{\"@context\":\"https:\/\/schema.org\",\"@graph\":[{\"@type\":\"WebPage\",\"@id\":\"https:\/\/www.babeluk.at\/wp_de\/links\/\",\"url\":\"https:\/\/www.babeluk.at\/wp_de\/links\/\",\"name\":\"Ausgew\u00e4hlte Links f\u00fcr Erfinder - Patentanwaltskanzlei DI Mag. Michael Babeluk\",\"isPartOf\":{\"@id\":\"https:\/\/www.babeluk.at\/wp_de\/#website\"},\"datePublished\":\"2017-07-06T06:29:45+00:00\",\"dateModified\":\"2022-11-24T12:51:27+00:00\",\"description\":\"Links f\u00fcr Erfinder und Erfinderinnen Die folgenden Links sind f\u00fcr weiterf\u00fchrerende Informationen gelistet, liegen aber au\u00dferhalb unserer Verantwortung.\",\"breadcrumb\":{\"@id\":\"https:\/\/www.babeluk.at\/wp_de\/links\/#breadcrumb\"},\"inLanguage\":\"de\",\"potentialAction\":[{\"@type\":\"ReadAction\",\"target\":[\"https:\/\/www.babeluk.at\/wp_de\/links\/\"]}]},{\"@type\":\"BreadcrumbList\",\"@id\":\"https:\/\/www.babeluk.at\/wp_de\/links\/#breadcrumb\",\"itemListElement\":[{\"@type\":\"ListItem\",\"position\":1,\"name\":\"Startseite\",\"item\":\"https:\/\/www.babeluk.at\/wp_de\/\"},{\"@type\":\"ListItem\",\"position\":2,\"name\":\"Links\"}]},{\"@type\":\"WebSite\",\"@id\":\"https:\/\/www.babeluk.at\/wp_de\/#website\",\"url\":\"https:\/\/www.babeluk.at\/wp_de\/\",\"name\":\"Babeluk Patentanw\u00e4lte\",\"description\":\"\",\"potentialAction\":[{\"@type\":\"SearchAction\",\"target\":{\"@type\":\"EntryPoint\",\"urlTemplate\":\"https:\/\/www.babeluk.at\/wp_de\/?s={search_term_string}\"},\"query-input\":\"required name=search_term_string\"}],\"inLanguage\":\"de\"}]}<\/script>\n<!-- \/ Yoast SEO plugin. -->","yoast_head_json":{"title":"Ausgew\u00e4hlte Links f\u00fcr Erfinder - Patentanwaltskanzlei DI Mag. Michael Babeluk","description":"Links f\u00fcr Erfinder und Erfinderinnen Die folgenden Links sind f\u00fcr weiterf\u00fchrerende Informationen gelistet, liegen aber au\u00dferhalb unserer Verantwortung.","robots":{"index":"index","follow":"follow","max-snippet":"max-snippet:-1","max-image-preview":"max-image-preview:large","max-video-preview":"max-video-preview:-1"},"canonical":"https:\/\/www.babeluk.at\/wp_de\/links\/","og_locale":"de_DE","og_type":"article","og_title":"Ausgew\u00e4hlte Links f\u00fcr Erfinder - Patentanwaltskanzlei DI Mag. Michael Babeluk","og_description":"Links f\u00fcr Erfinder und Erfinderinnen Die folgenden Links sind f\u00fcr weiterf\u00fchrerende Informationen gelistet, liegen aber au\u00dferhalb unserer Verantwortung.","og_url":"https:\/\/www.babeluk.at\/wp_de\/links\/","og_site_name":"Babeluk Patentanw\u00e4lte","article_modified_time":"2022-11-24T12:51:27+00:00","twitter_card":"summary_large_image","twitter_misc":{"Gesch\u00e4tzte Lesezeit":"1\u00a0Minute"},"schema":{"@context":"https:\/\/schema.org","@graph":[{"@type":"WebPage","@id":"https:\/\/www.babeluk.at\/wp_de\/links\/","url":"https:\/\/www.babeluk.at\/wp_de\/links\/","name":"Ausgew\u00e4hlte Links f\u00fcr Erfinder - Patentanwaltskanzlei DI Mag. Michael Babeluk","isPartOf":{"@id":"https:\/\/www.babeluk.at\/wp_de\/#website"},"datePublished":"2017-07-06T06:29:45+00:00","dateModified":"2022-11-24T12:51:27+00:00","description":"Links f\u00fcr Erfinder und Erfinderinnen Die folgenden Links sind f\u00fcr weiterf\u00fchrerende Informationen gelistet, liegen aber au\u00dferhalb unserer Verantwortung.","breadcrumb":{"@id":"https:\/\/www.babeluk.at\/wp_de\/links\/#breadcrumb"},"inLanguage":"de","potentialAction":[{"@type":"ReadAction","target":["https:\/\/www.babeluk.at\/wp_de\/links\/"]}]},{"@type":"BreadcrumbList","@id":"https:\/\/www.babeluk.at\/wp_de\/links\/#breadcrumb","itemListElement":[{"@type":"ListItem","position":1,"name":"Startseite","item":"https:\/\/www.babeluk.at\/wp_de\/"},{"@type":"ListItem","position":2,"name":"Links"}]},{"@type":"WebSite","@id":"https:\/\/www.babeluk.at\/wp_de\/#website","url":"https:\/\/www.babeluk.at\/wp_de\/","name":"Babeluk Patentanw\u00e4lte","description":"","potentialAction":[{"@type":"SearchAction","target":{"@type":"EntryPoint","urlTemplate":"https:\/\/www.babeluk.at\/wp_de\/?s={search_term_string}"},"query-input":"required name=search_term_string"}],"inLanguage":"de"}]}},"_links":{"self":[{"href":"https:\/\/www.babeluk.at\/wp_de\/wp-json\/wp\/v2\/pages\/339"}],"collection":[{"href":"https:\/\/www.babeluk.at\/wp_de\/wp-json\/wp\/v2\/pages"}],"about":[{"href":"https:\/\/www.babeluk.at\/wp_de\/wp-json\/wp\/v2\/types\/page"}],"author":[{"embeddable":true,"href":"https:\/\/www.babeluk.at\/wp_de\/wp-json\/wp\/v2\/users\/2"}],"replies":[{"embeddable":true,"href":"https:\/\/www.babeluk.at\/wp_de\/wp-json\/wp\/v2\/comments?post=339"}],"version-history":[{"count":2,"href":"https:\/\/www.babeluk.at\/wp_de\/wp-json\/wp\/v2\/pages\/339\/revisions"}],"predecessor-version":[{"id":410,"href":"https:\/\/www.babeluk.at\/wp_de\/wp-json\/wp\/v2\/pages\/339\/revisions\/410"}],"wp:attachment":[{"href":"https:\/\/www.babeluk.at\/wp_de\/wp-json\/wp\/v2\/media?parent=339"}],"curies":[{"name":"wp","href":"https:\/\/api.w.org\/{rel}","templated":true}]}}