{"id":322,"date":"2017-06-27T16:35:38","date_gmt":"2017-06-27T16:35:38","guid":{"rendered":"http:\/\/sites.anwar.at\/babeluk\/?page_id=322"},"modified":"2024-05-28T15:08:01","modified_gmt":"2024-05-28T15:08:01","slug":"impressum","status":"publish","type":"page","link":"https:\/\/www.babeluk.at\/wp_de\/impressum\/","title":{"rendered":"Impressum"},"content":{"rendered":"<h2>Impressum und Offenlegung gem\u00e4\u00df Mediengesetz und E-Commerce-Gesetz<\/h2>\n<p>&nbsp;<\/p>\n<p>Medieninhaber und Herausgeber dieser Website:<br \/>\nBabeluk Patentanw\u00e4lte GmbH<br \/>\nUID Nummer: ATU80467601<br \/>\nFlorianigasse 26\/03<br \/>\nA-1080 Wien<\/p>\n<p>Zust\u00e4ndige Kammer:<br \/>\n\u00d6sterreichische Patentanwaltskammer Wien, <a href=\"http:\/\/www.patentanwalt.at\" target=\"_blank\" rel=\"noopener noreferrer\">www.patentanwalt.at<br \/>\n<\/a><br \/>\nAnwendbare berufsrechtliche Vorschriften:<br \/>\nStandesrecht der \u00f6sterreichischen Patentanw\u00e4lte (PatAnwG, usw.), abrufbar unter:<br \/>\n<a href=\"http:\/\/www.patentanwalt.at\" target=\"_blank\" rel=\"noopener noreferrer\">www.patentanwalt.at<\/a> \u00a0und\u00a0<a href=\"http:\/\/www.ris.bka.gv.at\" target=\"_blank\" rel=\"noopener noreferrer\">www.ris.bka.gv.at<br \/>\n<\/a><br \/>\nUnternehmensgegenstand des Medieninhabers und Herausgebers:\u00a0Patentanwaltliche Beratung<\/p>\n<p>Richtung der Website:<br \/>\nDarstellung des Unternehmensgegenstandes des Medieninhabers und Herausgebers<\/p>\n<p>Fotos auf der Website:\u00a0 <a href=\"http:\/\/www.andreas-madl.at\/\" target=\"_blank\" rel=\"noopener noreferrer\">Andreas Madl<\/a><br \/>\nGrafische Gestaltung: <a href=\"https:\/\/www.itismatic.com\" target=\"_blank\" rel=\"noopener noreferrer\">itismatic.com<\/a><br \/>\nKonzept und Umsetzung:\u00a0 <a href=\"https:\/\/www.itismatic.com\" target=\"_blank\" rel=\"noopener noreferrer\">itismatic.com<\/a><\/p>\n<p>&nbsp;<\/p>\n","protected":false},"excerpt":{"rendered":"<p>Impressum und Offenlegung gem\u00e4\u00df Mediengesetz und E-Commerce-Gesetz &nbsp; Medieninhaber und Herausgeber dieser Website: Babeluk Patentanw\u00e4lte GmbH UID Nummer: ATU80467601 Florianigasse 26\/03 A-1080 Wien Zust\u00e4ndige Kammer: \u00d6sterreichische Patentanwaltskammer Wien, www.patentanwalt.at Anwendbare berufsrechtliche Vorschriften: Standesrecht der \u00f6sterreichischen Patentanw\u00e4lte (PatAnwG, usw.), abrufbar unter:&#8230;<\/p>\n","protected":false},"author":2,"featured_media":0,"parent":0,"menu_order":0,"comment_status":"closed","ping_status":"closed","template":"","meta":{"footnotes":""},"yoast_head":"<!-- This site is optimized with the Yoast SEO plugin v19.10 - https:\/\/yoast.com\/wordpress\/plugins\/seo\/ -->\n<title>Impressum - Patentanwaltskanzlei DI Mag. Michael Babeluk<\/title>\n<meta name=\"description\" content=\"Impressum und Offenlegung gem\u00e4\u00df Mediengesetz und E-Commerce-Gesetz Medieninhaber und Herausgeber dieser Website: Patentanwalt Michael Babeluk\" \/>\n<meta name=\"robots\" content=\"index, follow, max-snippet:-1, max-image-preview:large, max-video-preview:-1\" \/>\n<link rel=\"canonical\" href=\"https:\/\/www.babeluk.at\/wp_de\/impressum\/\" \/>\n<meta property=\"og:locale\" content=\"de_DE\" \/>\n<meta property=\"og:type\" content=\"article\" \/>\n<meta property=\"og:title\" content=\"Impressum - Patentanwaltskanzlei DI Mag. Michael Babeluk\" \/>\n<meta property=\"og:description\" content=\"Impressum und Offenlegung gem\u00e4\u00df Mediengesetz und E-Commerce-Gesetz Medieninhaber und Herausgeber dieser Website: Patentanwalt Michael Babeluk\" \/>\n<meta property=\"og:url\" content=\"https:\/\/www.babeluk.at\/wp_de\/impressum\/\" \/>\n<meta property=\"og:site_name\" content=\"Babeluk Patentanw\u00e4lte\" \/>\n<meta property=\"article:modified_time\" content=\"2024-05-28T15:08:01+00:00\" \/>\n<meta name=\"twitter:card\" content=\"summary_large_image\" \/>\n<meta name=\"twitter:label1\" content=\"Gesch\u00e4tzte Lesezeit\" \/>\n\t<meta name=\"twitter:data1\" content=\"1\u00a0Minute\" \/>\n<script type=\"application\/ld+json\" class=\"yoast-schema-graph\">{\"@context\":\"https:\/\/schema.org\",\"@graph\":[{\"@type\":\"WebPage\",\"@id\":\"https:\/\/www.babeluk.at\/wp_de\/impressum\/\",\"url\":\"https:\/\/www.babeluk.at\/wp_de\/impressum\/\",\"name\":\"Impressum - Patentanwaltskanzlei DI Mag. Michael Babeluk\",\"isPartOf\":{\"@id\":\"https:\/\/www.babeluk.at\/wp_de\/#website\"},\"datePublished\":\"2017-06-27T16:35:38+00:00\",\"dateModified\":\"2024-05-28T15:08:01+00:00\",\"description\":\"Impressum und Offenlegung gem\u00e4\u00df Mediengesetz und E-Commerce-Gesetz Medieninhaber und Herausgeber dieser Website: Patentanwalt Michael Babeluk\",\"breadcrumb\":{\"@id\":\"https:\/\/www.babeluk.at\/wp_de\/impressum\/#breadcrumb\"},\"inLanguage\":\"de\",\"potentialAction\":[{\"@type\":\"ReadAction\",\"target\":[\"https:\/\/www.babeluk.at\/wp_de\/impressum\/\"]}]},{\"@type\":\"BreadcrumbList\",\"@id\":\"https:\/\/www.babeluk.at\/wp_de\/impressum\/#breadcrumb\",\"itemListElement\":[{\"@type\":\"ListItem\",\"position\":1,\"name\":\"Startseite\",\"item\":\"https:\/\/www.babeluk.at\/wp_de\/\"},{\"@type\":\"ListItem\",\"position\":2,\"name\":\"Impressum\"}]},{\"@type\":\"WebSite\",\"@id\":\"https:\/\/www.babeluk.at\/wp_de\/#website\",\"url\":\"https:\/\/www.babeluk.at\/wp_de\/\",\"name\":\"Babeluk Patentanw\u00e4lte\",\"description\":\"\",\"potentialAction\":[{\"@type\":\"SearchAction\",\"target\":{\"@type\":\"EntryPoint\",\"urlTemplate\":\"https:\/\/www.babeluk.at\/wp_de\/?s={search_term_string}\"},\"query-input\":\"required name=search_term_string\"}],\"inLanguage\":\"de\"}]}<\/script>\n<!-- \/ Yoast SEO plugin. -->","yoast_head_json":{"title":"Impressum - Patentanwaltskanzlei DI Mag. Michael Babeluk","description":"Impressum und Offenlegung gem\u00e4\u00df Mediengesetz und E-Commerce-Gesetz Medieninhaber und Herausgeber dieser Website: Patentanwalt Michael Babeluk","robots":{"index":"index","follow":"follow","max-snippet":"max-snippet:-1","max-image-preview":"max-image-preview:large","max-video-preview":"max-video-preview:-1"},"canonical":"https:\/\/www.babeluk.at\/wp_de\/impressum\/","og_locale":"de_DE","og_type":"article","og_title":"Impressum - Patentanwaltskanzlei DI Mag. Michael Babeluk","og_description":"Impressum und Offenlegung gem\u00e4\u00df Mediengesetz und E-Commerce-Gesetz Medieninhaber und Herausgeber dieser Website: Patentanwalt Michael Babeluk","og_url":"https:\/\/www.babeluk.at\/wp_de\/impressum\/","og_site_name":"Babeluk Patentanw\u00e4lte","article_modified_time":"2024-05-28T15:08:01+00:00","twitter_card":"summary_large_image","twitter_misc":{"Gesch\u00e4tzte Lesezeit":"1\u00a0Minute"},"schema":{"@context":"https:\/\/schema.org","@graph":[{"@type":"WebPage","@id":"https:\/\/www.babeluk.at\/wp_de\/impressum\/","url":"https:\/\/www.babeluk.at\/wp_de\/impressum\/","name":"Impressum - Patentanwaltskanzlei DI Mag. Michael Babeluk","isPartOf":{"@id":"https:\/\/www.babeluk.at\/wp_de\/#website"},"datePublished":"2017-06-27T16:35:38+00:00","dateModified":"2024-05-28T15:08:01+00:00","description":"Impressum und Offenlegung gem\u00e4\u00df Mediengesetz und E-Commerce-Gesetz Medieninhaber und Herausgeber dieser Website: Patentanwalt Michael Babeluk","breadcrumb":{"@id":"https:\/\/www.babeluk.at\/wp_de\/impressum\/#breadcrumb"},"inLanguage":"de","potentialAction":[{"@type":"ReadAction","target":["https:\/\/www.babeluk.at\/wp_de\/impressum\/"]}]},{"@type":"BreadcrumbList","@id":"https:\/\/www.babeluk.at\/wp_de\/impressum\/#breadcrumb","itemListElement":[{"@type":"ListItem","position":1,"name":"Startseite","item":"https:\/\/www.babeluk.at\/wp_de\/"},{"@type":"ListItem","position":2,"name":"Impressum"}]},{"@type":"WebSite","@id":"https:\/\/www.babeluk.at\/wp_de\/#website","url":"https:\/\/www.babeluk.at\/wp_de\/","name":"Babeluk Patentanw\u00e4lte","description":"","potentialAction":[{"@type":"SearchAction","target":{"@type":"EntryPoint","urlTemplate":"https:\/\/www.babeluk.at\/wp_de\/?s={search_term_string}"},"query-input":"required name=search_term_string"}],"inLanguage":"de"}]}},"_links":{"self":[{"href":"https:\/\/www.babeluk.at\/wp_de\/wp-json\/wp\/v2\/pages\/322"}],"collection":[{"href":"https:\/\/www.babeluk.at\/wp_de\/wp-json\/wp\/v2\/pages"}],"about":[{"href":"https:\/\/www.babeluk.at\/wp_de\/wp-json\/wp\/v2\/types\/page"}],"author":[{"embeddable":true,"href":"https:\/\/www.babeluk.at\/wp_de\/wp-json\/wp\/v2\/users\/2"}],"replies":[{"embeddable":true,"href":"https:\/\/www.babeluk.at\/wp_de\/wp-json\/wp\/v2\/comments?post=322"}],"version-history":[{"count":2,"href":"https:\/\/www.babeluk.at\/wp_de\/wp-json\/wp\/v2\/pages\/322\/revisions"}],"predecessor-version":[{"id":447,"href":"https:\/\/www.babeluk.at\/wp_de\/wp-json\/wp\/v2\/pages\/322\/revisions\/447"}],"wp:attachment":[{"href":"https:\/\/www.babeluk.at\/wp_de\/wp-json\/wp\/v2\/media?parent=322"}],"curies":[{"name":"wp","href":"https:\/\/api.w.org\/{rel}","templated":true}]}}