{"id":320,"date":"2017-06-27T16:32:26","date_gmt":"2017-06-27T16:32:26","guid":{"rendered":"http:\/\/sites.anwar.at\/babeluk\/?page_id=320"},"modified":"2022-11-24T12:52:01","modified_gmt":"2022-11-24T12:52:01","slug":"datenschutz","status":"publish","type":"page","link":"https:\/\/www.babeluk.at\/wp_de\/datenschutz\/","title":{"rendered":"Datenschutz"},"content":{"rendered":"<h2>Urheberrecht<\/h2>\n<p>&nbsp;<\/p>\n<p>Die Inhalte dieser Website sind urheberrechtlich gesch\u00fctzt und nur f\u00fcr die pers\u00f6nliche Verwendung bestimmt. Jede dem Urheberrechtsgesetz widersprechende Verwendung von Inhalten dieser Website ohne ausdr\u00fcckliche Zustimmung des Urhebers ist untersagt.<\/p>\n<p>&nbsp;<\/p>\n<h2>Haftungsausschluss<\/h2>\n<p>&nbsp;<\/p>\n<p>Die auf dieser Website bereitgestellten Informationen dienen allgemeinen Informationszwecken und nicht der rechtlichen Beratung und stellen keine Rechtsauskunft oder sonstige professionelle Auskunft dar. Es wird jegliche Haftung ausgeschlossen, die sich aus der Nutzung der angebotenen Informationen ergeben kann.<\/p>\n<p>Diese Website kann weiters Links zu externen Websites enthalten, f\u00fcr deren Inhalte jedoch keine wie immer geartete Haftung \u00fcbernommen wird.<\/p>\n<p>&nbsp;<\/p>\n<h2>Datenschutzerkl\u00e4rung<\/h2>\n<p>&nbsp;<\/p>\n<p>Die Nutzung dieser Website einschlie\u00dflich des Zugriffs auf die darauf befindlichen \u00f6ffentlich zug\u00e4nglichen Inhalte ist ohne Angabe Ihrer personenbezogenen Daten m\u00f6glich.<\/p>\n<p>Sie k\u00f6nnen Auskunft \u00fcber die von uns zu Ihrer Person gespeicherten Daten verlangen und Ihre uns zur Verf\u00fcgung gestellten pers\u00f6nlichen Daten im Bedarfsfall berichtigen oder l\u00f6schen lassen sowie eine allf\u00e4llige Zustimmung zur Nutzung Ihrer Daten, die Sie uns erteilt haben, widerrufen. Kontaktieren Sie uns bitte unter<\/p>\n","protected":false},"excerpt":{"rendered":"<p>Urheberrecht &nbsp; Die Inhalte dieser Website sind urheberrechtlich gesch\u00fctzt und nur f\u00fcr die pers\u00f6nliche Verwendung bestimmt. Jede dem Urheberrechtsgesetz widersprechende Verwendung von Inhalten dieser Website ohne ausdr\u00fcckliche Zustimmung des Urhebers ist untersagt. &nbsp; Haftungsausschluss &nbsp; Die auf dieser Website bereitgestellten&#8230;<\/p>\n","protected":false},"author":2,"featured_media":0,"parent":0,"menu_order":0,"comment_status":"closed","ping_status":"closed","template":"","meta":{"footnotes":""},"yoast_head":"<!-- This site is optimized with the Yoast SEO plugin v19.10 - https:\/\/yoast.com\/wordpress\/plugins\/seo\/ -->\n<title>Datenschutz - Patentanwalt DI Mag. Michael Babeluk<\/title>\n<meta name=\"description\" content=\"Die Nutzung dieser Website einschlie\u00dflich des Zugriffs auf die darauf befindlichen Inhalte ist ohne Angabe Ihrer personenbezogenen Daten m\u00f6glich.\" \/>\n<meta name=\"robots\" content=\"index, follow, max-snippet:-1, max-image-preview:large, max-video-preview:-1\" \/>\n<link rel=\"canonical\" href=\"https:\/\/www.babeluk.at\/wp_de\/datenschutz\/\" \/>\n<meta property=\"og:locale\" content=\"de_DE\" \/>\n<meta property=\"og:type\" content=\"article\" \/>\n<meta property=\"og:title\" content=\"Datenschutz - Patentanwalt DI Mag. Michael Babeluk\" \/>\n<meta property=\"og:description\" content=\"Die Nutzung dieser Website einschlie\u00dflich des Zugriffs auf die darauf befindlichen Inhalte ist ohne Angabe Ihrer personenbezogenen Daten m\u00f6glich.\" \/>\n<meta property=\"og:url\" content=\"https:\/\/www.babeluk.at\/wp_de\/datenschutz\/\" \/>\n<meta property=\"og:site_name\" content=\"Babeluk Patentanw\u00e4lte\" \/>\n<meta property=\"article:modified_time\" content=\"2022-11-24T12:52:01+00:00\" \/>\n<meta name=\"twitter:card\" content=\"summary_large_image\" \/>\n<meta name=\"twitter:label1\" content=\"Gesch\u00e4tzte Lesezeit\" \/>\n\t<meta name=\"twitter:data1\" content=\"1\u00a0Minute\" \/>\n<script type=\"application\/ld+json\" class=\"yoast-schema-graph\">{\"@context\":\"https:\/\/schema.org\",\"@graph\":[{\"@type\":\"WebPage\",\"@id\":\"https:\/\/www.babeluk.at\/wp_de\/datenschutz\/\",\"url\":\"https:\/\/www.babeluk.at\/wp_de\/datenschutz\/\",\"name\":\"Datenschutz - Patentanwalt DI Mag. Michael Babeluk\",\"isPartOf\":{\"@id\":\"https:\/\/www.babeluk.at\/wp_de\/#website\"},\"datePublished\":\"2017-06-27T16:32:26+00:00\",\"dateModified\":\"2022-11-24T12:52:01+00:00\",\"description\":\"Die Nutzung dieser Website einschlie\u00dflich des Zugriffs auf die darauf befindlichen Inhalte ist ohne Angabe Ihrer personenbezogenen Daten m\u00f6glich.\",\"breadcrumb\":{\"@id\":\"https:\/\/www.babeluk.at\/wp_de\/datenschutz\/#breadcrumb\"},\"inLanguage\":\"de\",\"potentialAction\":[{\"@type\":\"ReadAction\",\"target\":[\"https:\/\/www.babeluk.at\/wp_de\/datenschutz\/\"]}]},{\"@type\":\"BreadcrumbList\",\"@id\":\"https:\/\/www.babeluk.at\/wp_de\/datenschutz\/#breadcrumb\",\"itemListElement\":[{\"@type\":\"ListItem\",\"position\":1,\"name\":\"Startseite\",\"item\":\"https:\/\/www.babeluk.at\/wp_de\/\"},{\"@type\":\"ListItem\",\"position\":2,\"name\":\"Datenschutz\"}]},{\"@type\":\"WebSite\",\"@id\":\"https:\/\/www.babeluk.at\/wp_de\/#website\",\"url\":\"https:\/\/www.babeluk.at\/wp_de\/\",\"name\":\"Babeluk Patentanw\u00e4lte\",\"description\":\"\",\"potentialAction\":[{\"@type\":\"SearchAction\",\"target\":{\"@type\":\"EntryPoint\",\"urlTemplate\":\"https:\/\/www.babeluk.at\/wp_de\/?s={search_term_string}\"},\"query-input\":\"required name=search_term_string\"}],\"inLanguage\":\"de\"}]}<\/script>\n<!-- \/ Yoast SEO plugin. -->","yoast_head_json":{"title":"Datenschutz - Patentanwalt DI Mag. Michael Babeluk","description":"Die Nutzung dieser Website einschlie\u00dflich des Zugriffs auf die darauf befindlichen Inhalte ist ohne Angabe Ihrer personenbezogenen Daten m\u00f6glich.","robots":{"index":"index","follow":"follow","max-snippet":"max-snippet:-1","max-image-preview":"max-image-preview:large","max-video-preview":"max-video-preview:-1"},"canonical":"https:\/\/www.babeluk.at\/wp_de\/datenschutz\/","og_locale":"de_DE","og_type":"article","og_title":"Datenschutz - Patentanwalt DI Mag. Michael Babeluk","og_description":"Die Nutzung dieser Website einschlie\u00dflich des Zugriffs auf die darauf befindlichen Inhalte ist ohne Angabe Ihrer personenbezogenen Daten m\u00f6glich.","og_url":"https:\/\/www.babeluk.at\/wp_de\/datenschutz\/","og_site_name":"Babeluk Patentanw\u00e4lte","article_modified_time":"2022-11-24T12:52:01+00:00","twitter_card":"summary_large_image","twitter_misc":{"Gesch\u00e4tzte Lesezeit":"1\u00a0Minute"},"schema":{"@context":"https:\/\/schema.org","@graph":[{"@type":"WebPage","@id":"https:\/\/www.babeluk.at\/wp_de\/datenschutz\/","url":"https:\/\/www.babeluk.at\/wp_de\/datenschutz\/","name":"Datenschutz - Patentanwalt DI Mag. Michael Babeluk","isPartOf":{"@id":"https:\/\/www.babeluk.at\/wp_de\/#website"},"datePublished":"2017-06-27T16:32:26+00:00","dateModified":"2022-11-24T12:52:01+00:00","description":"Die Nutzung dieser Website einschlie\u00dflich des Zugriffs auf die darauf befindlichen Inhalte ist ohne Angabe Ihrer personenbezogenen Daten m\u00f6glich.","breadcrumb":{"@id":"https:\/\/www.babeluk.at\/wp_de\/datenschutz\/#breadcrumb"},"inLanguage":"de","potentialAction":[{"@type":"ReadAction","target":["https:\/\/www.babeluk.at\/wp_de\/datenschutz\/"]}]},{"@type":"BreadcrumbList","@id":"https:\/\/www.babeluk.at\/wp_de\/datenschutz\/#breadcrumb","itemListElement":[{"@type":"ListItem","position":1,"name":"Startseite","item":"https:\/\/www.babeluk.at\/wp_de\/"},{"@type":"ListItem","position":2,"name":"Datenschutz"}]},{"@type":"WebSite","@id":"https:\/\/www.babeluk.at\/wp_de\/#website","url":"https:\/\/www.babeluk.at\/wp_de\/","name":"Babeluk Patentanw\u00e4lte","description":"","potentialAction":[{"@type":"SearchAction","target":{"@type":"EntryPoint","urlTemplate":"https:\/\/www.babeluk.at\/wp_de\/?s={search_term_string}"},"query-input":"required name=search_term_string"}],"inLanguage":"de"}]}},"_links":{"self":[{"href":"https:\/\/www.babeluk.at\/wp_de\/wp-json\/wp\/v2\/pages\/320"}],"collection":[{"href":"https:\/\/www.babeluk.at\/wp_de\/wp-json\/wp\/v2\/pages"}],"about":[{"href":"https:\/\/www.babeluk.at\/wp_de\/wp-json\/wp\/v2\/types\/page"}],"author":[{"embeddable":true,"href":"https:\/\/www.babeluk.at\/wp_de\/wp-json\/wp\/v2\/users\/2"}],"replies":[{"embeddable":true,"href":"https:\/\/www.babeluk.at\/wp_de\/wp-json\/wp\/v2\/comments?post=320"}],"version-history":[{"count":3,"href":"https:\/\/www.babeluk.at\/wp_de\/wp-json\/wp\/v2\/pages\/320\/revisions"}],"predecessor-version":[{"id":409,"href":"https:\/\/www.babeluk.at\/wp_de\/wp-json\/wp\/v2\/pages\/320\/revisions\/409"}],"wp:attachment":[{"href":"https:\/\/www.babeluk.at\/wp_de\/wp-json\/wp\/v2\/media?parent=320"}],"curies":[{"name":"wp","href":"https:\/\/api.w.org\/{rel}","templated":true}]}}